{"id":11,"date":"2021-04-14T14:01:51","date_gmt":"2021-04-14T14:01:45","guid":{"rendered":"https:\/\/www.ebi.ac.uk\/training\/materials\/template\/programme\/"},"modified":"2026-01-12T13:20:59","modified_gmt":"2026-01-12T13:20:59","slug":"course-content","status":"publish","type":"page","link":"https:\/\/www.ebi.ac.uk\/training\/materials\/structural-bioinformatics-materials\/course-content\/","title":{"rendered":"Course content"},"content":{"rendered":"\n<p>To see details about the live Structural bioinformatics course and the original programme, you can refer to the&nbsp;<a href=\"https:\/\/www.ebi.ac.uk\/training\/events\/structural-bioinformatics-3\/\" data-type=\"URL\" data-id=\"https:\/\/www.ebi.ac.uk\/training\/events\/structural-bioinformatics-1\/\" target=\"_blank\" rel=\"noreferrer noopener\">course page and programme.<\/a><\/p>\n\n\n\n<p>The contents table below outlines the different sessions that were included in the course, as well as the format of the materials (presentations, videos, practicals etc.) and each session\u2019s trainers. Either proceed through the materials using the arrows at the end of each page or pick your topic of interest from the table below to skip straight to it. <\/p>\n\n\n\n<p><img loading=\"lazy\" decoding=\"async\" alt=\"\" height=\"25\" src=\"http:\/\/wwwdev.ebi.ac.uk\/training\/materials\/cancer-genomics-2021\/wp-content\/uploads\/sites\/6\/2021\/07\/Slides.png\" width=\"28\">&nbsp;Presentation slides \u2013&nbsp; View or download the slides<\/p>\n\n\n\n<p><img loading=\"lazy\" decoding=\"async\" alt=\"\" height=\"24\" src=\"http:\/\/wwwdev.ebi.ac.uk\/training\/materials\/cancer-genomics-2021\/wp-content\/uploads\/sites\/6\/2021\/07\/Videos.png\" width=\"30\">&nbsp;Recorded lectures \u2013 Watch the lecture videos&nbsp;<\/p>\n\n\n\n<p><img loading=\"lazy\" decoding=\"async\" height=\"24\" width=\"26\" alt=\"\" src=\"http:\/\/wwwdev.ebi.ac.uk\/training\/materials\/cancer-genomics-2021\/wp-content\/uploads\/sites\/6\/2021\/07\/practicals.png\">&nbsp;Practicals \u2013 View or download the slides, exercises, datasets, analysis scripts and results<\/p>\n\n\n\n<figure class=\"wp-block-table is-style-stripes\"><table><tbody><tr><td><strong>Format<\/strong><\/td><td><strong>Subject<\/strong><\/td><td><strong>Trainer<\/strong><\/td><\/tr><tr><td><\/td><td><strong>Intro to<\/strong> <strong>structural biology data and sequences<\/strong><\/td><td><\/td><\/tr><tr><td><img decoding=\"async\" src=\"http:\/\/wwwdev.ebi.ac.uk\/training\/materials\/cancer-genomics-2021\/wp-content\/uploads\/sites\/6\/2021\/07\/Slides.png\" alt=\"\"><\/td><td><a href=\"https:\/\/www.ebi.ac.uk\/training\/materials\/structural-bioinformatics-materials\/day-1\/introduction-to-structural-biology-data\/\" data-type=\"URL\" data-id=\"https:\/\/www.ebi.ac.uk\/training\/materials\/structural-bioinformatics-materials\/day-1\/introduction-to-structural-biology-data\/\">Introduction to structural biology data<\/a><\/td><td>Jennifer Fleming, Sameer Velankar and Jack Turner<\/td><\/tr><tr><td><\/td><td><a href=\"https:\/\/www.ebi.ac.uk\/training\/materials\/structural-bioinformatics-materials\/structural-biology-data-and-sequences\/a-primer-on-structural-biology\/\">A Primer on Structural biology<\/a><\/td><td>Paulyna Maga\u00f1a<\/td><\/tr><tr><td><img decoding=\"async\" src=\"http:\/\/wwwdev.ebi.ac.uk\/training\/materials\/cancer-genomics-2021\/wp-content\/uploads\/sites\/6\/2021\/07\/Slides.png\" alt=\"\"><img loading=\"lazy\" decoding=\"async\" height=\"24\" width=\"26\" alt=\"\" src=\"http:\/\/wwwdev.ebi.ac.uk\/training\/materials\/cancer-genomics-2021\/wp-content\/uploads\/sites\/6\/2021\/07\/practicals.png\"><\/td><td><a href=\"https:\/\/www.ebi.ac.uk\/training\/materials\/structural-bioinformatics-materials\/day-1\/sequences-alignments-and-annotation\/\" data-type=\"URL\" data-id=\"https:\/\/www.ebi.ac.uk\/training\/materials\/structural-bioinformatics-materials\/day-1\/sequences-alignments-and-annotation\/\">Sequences: Alignments and Annotation<\/a><\/td><td><br>Fabio Madeira, Pedro Raposo and Nandana Madhusoodanan<\/td><\/tr><tr><td><\/td><td><strong>Sequences, families, and folds<\/strong><\/td><td><\/td><\/tr><tr><td><img decoding=\"async\" src=\"http:\/\/wwwdev.ebi.ac.uk\/training\/materials\/cancer-genomics-2021\/wp-content\/uploads\/sites\/6\/2021\/07\/Slides.png\" alt=\"\"><img loading=\"lazy\" decoding=\"async\" height=\"24\" width=\"26\" alt=\"\" src=\"http:\/\/wwwdev.ebi.ac.uk\/training\/materials\/cancer-genomics-2021\/wp-content\/uploads\/sites\/6\/2021\/07\/practicals.png\"> <img loading=\"lazy\" decoding=\"async\" height=\"24\" width=\"30\" alt=\"\" src=\"http:\/\/wwwdev.ebi.ac.uk\/training\/materials\/cancer-genomics-2021\/wp-content\/uploads\/sites\/6\/2021\/07\/Videos.png\"><\/td><td><a href=\"https:\/\/www.ebi.ac.uk\/training\/materials\/structural-bioinformatics-materials\/day-2\/sequence-classification-pfam-and-interpro\/\" data-type=\"URL\" data-id=\"https:\/\/www.ebi.ac.uk\/training\/materials\/structural-bioinformatics-materials\/day-2\/sequence-classification-pfam-and-interpro\/\">Sequence classification: Pfam and InterPro<\/a><\/td><td>Antonina Andreeva, Typhaine Paysan-Lafosse &amp; Sara Chuguransky<\/td><\/tr><tr><td><img decoding=\"async\" src=\"http:\/\/wwwdev.ebi.ac.uk\/training\/materials\/cancer-genomics-2021\/wp-content\/uploads\/sites\/6\/2021\/07\/Slides.png\" alt=\"\"><\/td><td><a href=\"https:\/\/www.ebi.ac.uk\/training\/materials\/structural-bioinformatics-materials\/day-2\/cath-db-protein-folds-and-structural-family-resources\/\" data-type=\"URL\" data-id=\"https:\/\/www.ebi.ac.uk\/training\/materials\/structural-bioinformatics-materials\/day-2\/cath-db-protein-folds-and-structural-family-resources\/\">CATH DB \u2013 Protein folds and structural family resources<\/a><\/td><td>Ian Sillitoe<\/td><\/tr><tr><td><img decoding=\"async\" src=\"http:\/\/wwwdev.ebi.ac.uk\/training\/materials\/cancer-genomics-2021\/wp-content\/uploads\/sites\/6\/2021\/07\/Slides.png\" alt=\"\"><img loading=\"lazy\" decoding=\"async\" height=\"24\" width=\"30\" alt=\"\" src=\"http:\/\/wwwdev.ebi.ac.uk\/training\/materials\/cancer-genomics-2021\/wp-content\/uploads\/sites\/6\/2021\/07\/Videos.png\"><\/td><td><a href=\"https:\/\/www.ebi.ac.uk\/training\/materials\/structural-bioinformatics-materials\/day-2\/keynote-lecture-janet-thornton\/\" data-type=\"URL\" data-id=\"https:\/\/www.ebi.ac.uk\/training\/materials\/structural-bioinformatics-materials\/day-2\/keynote-lecture-janet-thornton\/\">Structural informatics Past and present<\/a><\/td><td>Janet Thornton<\/td><\/tr><tr><td><\/td><td><strong>Macromolecular structure databases, tools, and visualisation<\/strong><\/td><td><\/td><\/tr><tr><td><img decoding=\"async\" src=\"http:\/\/wwwdev.ebi.ac.uk\/training\/materials\/cancer-genomics-2021\/wp-content\/uploads\/sites\/6\/2021\/07\/practicals.png\" alt=\"\"><img loading=\"lazy\" decoding=\"async\" height=\"24\" width=\"30\" alt=\"\" src=\"http:\/\/wwwdev.ebi.ac.uk\/training\/materials\/cancer-genomics-2021\/wp-content\/uploads\/sites\/6\/2021\/07\/Videos.png\"><\/td><td><a href=\"https:\/\/www.ebi.ac.uk\/training\/materials\/structural-bioinformatics-materials-temp-2023v2\/day-3\/pdbe-finding-and-visualising-structural-data-and-validating-assessing-structures\/\">Structure validation and PDB-Redo<\/a><\/td><td>Robbie Joosten<\/td><\/tr><tr><td><img decoding=\"async\" src=\"http:\/\/wwwdev.ebi.ac.uk\/training\/materials\/cancer-genomics-2021\/wp-content\/uploads\/sites\/6\/2021\/07\/Slides.png\" alt=\"\"><img decoding=\"async\" src=\"http:\/\/wwwdev.ebi.ac.uk\/training\/materials\/cancer-genomics-2021\/wp-content\/uploads\/sites\/6\/2021\/07\/practicals.png\" alt=\"\"><img loading=\"lazy\" decoding=\"async\" height=\"24\" width=\"30\" src=\"http:\/\/wwwdev.ebi.ac.uk\/training\/materials\/cancer-genomics-2021\/wp-content\/uploads\/sites\/6\/2021\/07\/Videos.png\" alt=\"\"><\/td><td><a href=\"https:\/\/www.ebi.ac.uk\/training\/materials\/structural-bioinformatics-materials-temp-2023v2\/day-3\/pdbe-and-molstar\/\">PDBe and Molstar<\/a><\/td><td>David Armstrong, Sudakshina Ganguly and Genevieve Evans <\/td><\/tr><tr><td><img decoding=\"async\" src=\"http:\/\/wwwdev.ebi.ac.uk\/training\/materials\/cancer-genomics-2021\/wp-content\/uploads\/sites\/6\/2021\/07\/practicals.png\" alt=\"\"><img loading=\"lazy\" decoding=\"async\" height=\"24\" width=\"30\" alt=\"\" src=\"http:\/\/wwwdev.ebi.ac.uk\/training\/materials\/cancer-genomics-2021\/wp-content\/uploads\/sites\/6\/2021\/07\/Videos.png\"><\/td><td><a href=\"https:\/\/www.ebi.ac.uk\/training\/materials\/structural-bioinformatics-materials-temp-2023v2\/day-3\/pdbe-tools-in-depth-analysis-of-protein-structure\/\">PDBe-KnowledgeBase<\/a><\/td><td>David Armstrong, Sudakshina Ganguly and Genevieve Evans<\/td><\/tr><tr><td><img decoding=\"async\" src=\"http:\/\/wwwdev.ebi.ac.uk\/training\/materials\/cancer-genomics-2021\/wp-content\/uploads\/sites\/6\/2021\/07\/Slides.png\" alt=\"\"><img decoding=\"async\" src=\"http:\/\/wwwdev.ebi.ac.uk\/training\/materials\/cancer-genomics-2021\/wp-content\/uploads\/sites\/6\/2021\/07\/practicals.png\" alt=\"\"><img loading=\"lazy\" decoding=\"async\" height=\"24\" width=\"30\" src=\"http:\/\/wwwdev.ebi.ac.uk\/training\/materials\/cancer-genomics-2021\/wp-content\/uploads\/sites\/6\/2021\/07\/Videos.png\" alt=\"\"><\/td><td><a href=\"https:\/\/www.ebi.ac.uk\/training\/materials\/structural-bioinformatics-materials-temp-2023v2\/day-3\/emdb-and-empiar\/\">EMDB<\/a><\/td><td>Miao Ma, Minoosadat Tayebinia, Kyle Morris, Miao Ma, Zhe Wang, Jack Turner<\/td><\/tr><tr><td><img decoding=\"async\" src=\"http:\/\/wwwdev.ebi.ac.uk\/training\/materials\/cancer-genomics-2021\/wp-content\/uploads\/sites\/6\/2021\/07\/Slides.png\" alt=\"\"><\/td><td><a href=\"https:\/\/www.ebi.ac.uk\/training\/materials\/structural-bioinformatics-materials\/macromolecular-structure-databases-tools-and-visualisation\/molecular-visualisation-for-structural-biology\/\">Molecular visualisation for structural biology<\/a><\/td><td>Isabel Romero Calvo and Tabea Rauscher<\/td><\/tr><tr><td><\/td><td><strong>Protein structure prediction and molecular docking<\/strong><\/td><td><\/td><\/tr><tr><td><img decoding=\"async\" src=\"http:\/\/wwwdev.ebi.ac.uk\/training\/materials\/cancer-genomics-2021\/wp-content\/uploads\/sites\/6\/2021\/07\/Slides.png\" alt=\"\"><img loading=\"lazy\" decoding=\"async\" height=\"24\" width=\"30\" src=\"http:\/\/wwwdev.ebi.ac.uk\/training\/materials\/cancer-genomics-2021\/wp-content\/uploads\/sites\/6\/2021\/07\/Videos.png\" alt=\"\"> <\/td><td><a href=\"https:\/\/www.ebi.ac.uk\/training\/materials\/structural-bioinformatics-materials\/day-4\/modelling-protein-structure-and-missense-variants-phyre2-and-missense3d-in-the-context-of-alphafold-models\/\" data-type=\"URL\" data-id=\"https:\/\/www.ebi.ac.uk\/training\/materials\/structural-bioinformatics-materials\/day-4\/modelling-protein-structure-and-missense-variants-phyre2-and-missense3d-in-the-context-of-alphafold-models\/\">Modelling protein structure and missense variants: Phyre2 and Missense3D in the context of AlphaFold models<\/a><\/td><td><a href=\"https:\/\/wwwdev.ebi.ac.uk\/training\/materials\/cancer-genomics-2021\/trainer-biographies\/\"><\/a>Michael Sternberg, Harry Powell and Alessia David<\/td><\/tr><tr><td> <img decoding=\"async\" src=\"http:\/\/wwwdev.ebi.ac.uk\/training\/materials\/cancer-genomics-2021\/wp-content\/uploads\/sites\/6\/2021\/07\/Slides.png\" alt=\"\"><img decoding=\"async\" src=\"http:\/\/wwwdev.ebi.ac.uk\/training\/materials\/cancer-genomics-2021\/wp-content\/uploads\/sites\/6\/2021\/07\/practicals.png\" alt=\"\"><\/td><td><a href=\"https:\/\/www.ebi.ac.uk\/training\/materials\/structural-bioinformatics-materials\/day-4\/alphafold\/\" data-type=\"URL\" data-id=\"https:\/\/www.ebi.ac.uk\/training\/materials\/structural-bioinformatics-materials\/day-4\/alphafold\/\" target=\"_blank\" rel=\"noreferrer noopener\">AlphaFold database and ColabFold<\/a><\/td><td>Paulyna Maga\u00f1a<\/td><\/tr><tr><td> <img decoding=\"async\" src=\"http:\/\/wwwdev.ebi.ac.uk\/training\/materials\/cancer-genomics-2021\/wp-content\/uploads\/sites\/6\/2021\/07\/Slides.png\" alt=\"\"><img decoding=\"async\" src=\"http:\/\/wwwdev.ebi.ac.uk\/training\/materials\/cancer-genomics-2021\/wp-content\/uploads\/sites\/6\/2021\/07\/practicals.png\" alt=\"\"><\/td><td><a href=\"https:\/\/www.ebi.ac.uk\/training\/materials\/structural-bioinformatics-materials\/day-4\/completing-predicted-structures-using-alphafill\/\" data-type=\"URL\" data-id=\"https:\/\/www.ebi.ac.uk\/training\/materials\/structural-bioinformatics-materials\/day-4\/completing-predicted-structures-using-alphafill\/\" target=\"_blank\" rel=\"noreferrer noopener\">Completing predicted structures using AlphaFill<\/a><\/td><td>Robbie Joosten<\/td><\/tr><tr><td><img decoding=\"async\" src=\"http:\/\/wwwdev.ebi.ac.uk\/training\/materials\/cancer-genomics-2021\/wp-content\/uploads\/sites\/6\/2021\/07\/Slides.png\" alt=\"\"><img decoding=\"async\" src=\"http:\/\/wwwdev.ebi.ac.uk\/training\/materials\/cancer-genomics-2021\/wp-content\/uploads\/sites\/6\/2021\/07\/practicals.png\" alt=\"\"><\/td><td><a href=\"https:\/\/www.ebi.ac.uk\/training\/materials\/structural-bioinformatics-materials\/day-4\/completing-predicted-structures-using-alphafill\/\" data-type=\"URL\" data-id=\"https:\/\/www.ebi.ac.uk\/training\/materials\/structural-bioinformatics-materials\/day-4\/completing-predicted-structures-using-alphafill\/\" target=\"_blank\" rel=\"noreferrer noopener\">Solving 3D puzzles of biomolecular interactions by integrative modelling &#8211; HADDOCK<\/a><\/td><td><a href=\"https:\/\/wwwdev.ebi.ac.uk\/training\/materials\/cancer-genomics-2021\/trainer-biographies\/\"><\/a>Alexandre Bonvin, Rapha\u00eblle Versini, and Marco Giulini<\/td><\/tr><tr><td><\/td><td><strong>Bioactive molecules<\/strong> <strong>and disorder<\/strong><\/td><td><\/td><\/tr><tr><td><img decoding=\"async\" src=\"http:\/\/wwwdev.ebi.ac.uk\/training\/materials\/cancer-genomics-2021\/wp-content\/uploads\/sites\/6\/2021\/07\/practicals.png\" alt=\"\"><\/td><td><a href=\"https:\/\/www.ebi.ac.uk\/training\/materials\/structural-bioinformatics-materials\/day-5\/ligand-structural-biology-with-chembl\/\" data-type=\"URL\" data-id=\"https:\/\/www.ebi.ac.uk\/training\/materials\/structural-bioinformatics-materials\/day-5\/ligand-structural-biology-with-chembl\/\" target=\"_blank\" rel=\"noreferrer noopener\">Ligand structural biology with ChEMBL<\/a><\/td><td>Sybilla Corbett, Melissa Adasme, Ines Smit, and Emma Manners<\/td><\/tr><tr><td><\/td><td><a href=\"https:\/\/www.ebi.ac.uk\/training\/materials\/structural-bioinformatics-materials\/day-5\/ai-to-predict-disordered-proteins\/\" data-type=\"URL\" data-id=\"https:\/\/www.ebi.ac.uk\/training\/materials\/structural-bioinformatics-materials\/day-5\/ai-to-predict-disordered-proteins\/\" target=\"_blank\" rel=\"noreferrer noopener\">AI to predict disordered proteins<\/a><\/td><td>B\u00e1lint M\u00e9sz\u00e1ros<\/td><\/tr><tr><td><\/td><td><a href=\"https:\/\/www.ebi.ac.uk\/training\/materials\/structural-bioinformatics-materials\/protein-structure-prediction-and-molecular-docking\/introduction-to-molecular-dynamics\/\">Introduction to Molecular Dynamics simulations<\/a><\/td><td>Sarah Harris<\/td><\/tr><\/tbody><\/table><\/figure>\n\n\n\n<p><\/p>\n","protected":false},"excerpt":{"rendered":"<p>To see details about the live Structural bioinformatics course and the original programme, you can refer to the&nbsp;course page and programme. The contents table below outlines the different sessions that were included in the course, as well as the format of the materials (presentations, videos, practicals etc.) and each session\u2019s trainers. Either proceed through the&#8230;<\/p>\n","protected":false},"author":12,"featured_media":0,"parent":0,"menu_order":0,"comment_status":"closed","ping_status":"closed","template":"","meta":{"footnotes":""},"class_list":["post-11","page","type-page","status-publish","hentry"],"_links":{"self":[{"href":"https:\/\/www.ebi.ac.uk\/training\/materials\/structural-bioinformatics-materials\/wp-json\/wp\/v2\/pages\/11","targetHints":{"allow":["GET"]}}],"collection":[{"href":"https:\/\/www.ebi.ac.uk\/training\/materials\/structural-bioinformatics-materials\/wp-json\/wp\/v2\/pages"}],"about":[{"href":"https:\/\/www.ebi.ac.uk\/training\/materials\/structural-bioinformatics-materials\/wp-json\/wp\/v2\/types\/page"}],"author":[{"embeddable":true,"href":"https:\/\/www.ebi.ac.uk\/training\/materials\/structural-bioinformatics-materials\/wp-json\/wp\/v2\/users\/12"}],"replies":[{"embeddable":true,"href":"https:\/\/www.ebi.ac.uk\/training\/materials\/structural-bioinformatics-materials\/wp-json\/wp\/v2\/comments?post=11"}],"version-history":[{"count":88,"href":"https:\/\/www.ebi.ac.uk\/training\/materials\/structural-bioinformatics-materials\/wp-json\/wp\/v2\/pages\/11\/revisions"}],"predecessor-version":[{"id":1857,"href":"https:\/\/www.ebi.ac.uk\/training\/materials\/structural-bioinformatics-materials\/wp-json\/wp\/v2\/pages\/11\/revisions\/1857"}],"wp:attachment":[{"href":"https:\/\/www.ebi.ac.uk\/training\/materials\/structural-bioinformatics-materials\/wp-json\/wp\/v2\/media?parent=11"}],"curies":[{"name":"wp","href":"https:\/\/api.w.org\/{rel}","templated":true}]}}